{"id":955,"date":"2026-01-23T08:30:51","date_gmt":"2026-01-23T08:30:51","guid":{"rendered":"https:\/\/jesscriado.com\/?page_id=955"},"modified":"2026-01-29T14:22:24","modified_gmt":"2026-01-29T14:22:24","slug":"infiltrada","status":"publish","type":"page","link":"https:\/\/jesscriado.com\/index.php\/infiltrada\/","title":{"rendered":"Infiltrada"},"content":{"rendered":"\t\t<div data-elementor-type=\"wp-post\" data-elementor-id=\"955\" class=\"elementor elementor-955\">\n\t\t\t\t<div class=\"elementor-element elementor-element-1b4622b e-con-full e-flex elementor-invisible e-con e-parent\" data-id=\"1b4622b\" data-element_type=\"container\" data-e-type=\"container\" data-settings=\"{&quot;animation&quot;:&quot;fadeInUp&quot;}\">\n\t\t\t\t<div class=\"elementor-element elementor-element-72e6c13 elementor-widget elementor-widget-image\" data-id=\"72e6c13\" data-element_type=\"widget\" data-e-type=\"widget\" data-widget_type=\"image.default\">\n\t\t\t\t\t\t\t\t\t\t\t\t\t\t\t<img decoding=\"async\" src=\"https:\/\/jesscriado.com\/wp-content\/uploads\/2026\/01\/Cabecera-4.png\" class=\"attachment-full size-full wp-image-948\" alt=\"\" \/>\t\t\t\t\t\t\t\t\t\t\t\t\t\t\t<\/div>\n\t\t\t\t<\/div>\n\t\t<div class=\"elementor-element elementor-element-d6b4052 e-transform animated-slow e-flex e-con-boxed elementor-invisible e-con e-parent\" data-id=\"d6b4052\" data-element_type=\"container\" data-e-type=\"container\" data-settings=\"{&quot;animation&quot;:&quot;fadeInUp&quot;,&quot;_transform_skewX_effect&quot;:{&quot;unit&quot;:&quot;px&quot;,&quot;size&quot;:0,&quot;sizes&quot;:[]},&quot;_transform_skewX_effect_tablet&quot;:{&quot;unit&quot;:&quot;deg&quot;,&quot;size&quot;:&quot;&quot;,&quot;sizes&quot;:[]},&quot;_transform_skewX_effect_mobile&quot;:{&quot;unit&quot;:&quot;deg&quot;,&quot;size&quot;:&quot;&quot;,&quot;sizes&quot;:[]},&quot;_transform_skewY_effect&quot;:{&quot;unit&quot;:&quot;px&quot;,&quot;size&quot;:&quot;&quot;,&quot;sizes&quot;:[]},&quot;_transform_skewY_effect_tablet&quot;:{&quot;unit&quot;:&quot;deg&quot;,&quot;size&quot;:&quot;&quot;,&quot;sizes&quot;:[]},&quot;_transform_skewY_effect_mobile&quot;:{&quot;unit&quot;:&quot;deg&quot;,&quot;size&quot;:&quot;&quot;,&quot;sizes&quot;:[]}}\">\n\t\t\t\t\t<div class=\"e-con-inner\">\n\t\t\t\t<div class=\"elementor-element elementor-element-9207c06 elementor-widget elementor-widget-text-editor\" data-id=\"9207c06\" data-element_type=\"widget\" data-e-type=\"widget\" data-widget_type=\"text-editor.default\">\n\t\t\t\t\t\t\t\t\t<p>\u00a1Las infiltradas que transforman cualquier momento!<\/p>\t\t\t\t\t\t\t\t<\/div>\n\t\t\t\t\t<\/div>\n\t\t\t\t<\/div>\n\t\t<div class=\"elementor-element elementor-element-fcd3911 e-flex e-con-boxed e-con e-parent\" data-id=\"fcd3911\" data-element_type=\"container\" data-e-type=\"container\">\n\t\t\t\t\t<div class=\"e-con-inner\">\n\t\t<div class=\"elementor-element elementor-element-d9981b1 e-con-full e-flex e-con e-child\" data-id=\"d9981b1\" data-element_type=\"container\" data-e-type=\"container\" data-settings=\"{&quot;background_background&quot;:&quot;classic&quot;}\">\n\t\t\t\t<\/div>\n\t\t<div class=\"elementor-element elementor-element-a976399 e-con-full e-flex e-con e-child\" data-id=\"a976399\" data-element_type=\"container\" data-e-type=\"container\">\n\t\t\t\t<div class=\"elementor-element elementor-element-9bc3135 elementor-widget elementor-widget-text-editor\" data-id=\"9bc3135\" data-element_type=\"widget\" data-e-type=\"widget\" data-widget_type=\"text-editor.default\">\n\t\t\t\t\t\t\t\t\t<p>Parecen parte del entorno como cualquier otra persona: una camarera impecable con delantal y libreta en mano, o una invitada m\u00e1s en tu<strong> fiesta o evento. <\/strong><\/p><p>Al principio, todo parece normal\u2026 hasta que los peque\u00f1os desajustes comienzan a llamar la atenci\u00f3n.<\/p><p>Se mueven con naturalidad entre mesas o invitados, recolocando copas que estaban perfectas, entregando cosas al comensal equivocado, embob\u00e1ndose frente a un plato o dejando escapar rarezas que arrancan sonrisas t\u00edmidas, sorprenden y pronto <strong>provocan carcajadas<\/strong> en todos.<\/p><p>El encanto de estas infiltradas est\u00e1 en la delgada l\u00ednea entre lo aut\u00e9ntico y lo absurdo: se camuflan como camarera o invitada, y cuando menos lo esperas, convierten la rutina o la celebraci\u00f3n en comedia.<\/p><p>Discretas al entrar, irresistiblemente desternillantes mientras act\u00faan, dejan una<strong> huella inolvidable<\/strong> en cada evento.<\/p>\t\t\t\t\t\t\t\t<\/div>\n\t\t\t\t<\/div>\n\t\t\t\t\t<\/div>\n\t\t\t\t<\/div>\n\t\t<div class=\"elementor-element elementor-element-bd06a31 e-grid e-con-boxed e-con e-parent\" data-id=\"bd06a31\" data-element_type=\"container\" data-e-type=\"container\">\n\t\t\t\t\t<div class=\"e-con-inner\">\n\t\t\t\t<div class=\"elementor-element elementor-element-0e5ec2d elementor-widget elementor-widget-image\" data-id=\"0e5ec2d\" data-element_type=\"widget\" data-e-type=\"widget\" data-widget_type=\"image.default\">\n\t\t\t\t\t\t\t\t\t\t\t\t\t\t\t<img fetchpriority=\"high\" decoding=\"async\" width=\"768\" height=\"768\" src=\"https:\/\/jesscriado.com\/wp-content\/uploads\/2026\/01\/Camarera-Infiltrada.jpg\" class=\"attachment-large size-large wp-image-1180\" alt=\"\" srcset=\"https:\/\/jesscriado.com\/wp-content\/uploads\/2026\/01\/Camarera-Infiltrada.jpg 768w, https:\/\/jesscriado.com\/wp-content\/uploads\/2026\/01\/Camarera-Infiltrada-300x300.jpg 300w, https:\/\/jesscriado.com\/wp-content\/uploads\/2026\/01\/Camarera-Infiltrada-150x150.jpg 150w\" sizes=\"(max-width: 768px) 100vw, 768px\" \/>\t\t\t\t\t\t\t\t\t\t\t\t\t\t\t<\/div>\n\t\t\t\t<div class=\"elementor-element elementor-element-59f707f elementor-widget elementor-widget-image\" data-id=\"59f707f\" data-element_type=\"widget\" data-e-type=\"widget\" data-widget_type=\"image.default\">\n\t\t\t\t\t\t\t\t\t\t\t\t\t\t\t<img decoding=\"async\" width=\"1024\" height=\"461\" src=\"https:\/\/jesscriado.com\/wp-content\/uploads\/2026\/01\/IMG-20251220-WA0026-1024x461.jpg\" class=\"attachment-large size-large wp-image-765\" alt=\"\" srcset=\"https:\/\/jesscriado.com\/wp-content\/uploads\/2026\/01\/IMG-20251220-WA0026-1024x461.jpg 1024w, https:\/\/jesscriado.com\/wp-content\/uploads\/2026\/01\/IMG-20251220-WA0026-300x135.jpg 300w, https:\/\/jesscriado.com\/wp-content\/uploads\/2026\/01\/IMG-20251220-WA0026-768x346.jpg 768w, https:\/\/jesscriado.com\/wp-content\/uploads\/2026\/01\/IMG-20251220-WA0026-1536x691.jpg 1536w, https:\/\/jesscriado.com\/wp-content\/uploads\/2026\/01\/IMG-20251220-WA0026.jpg 2040w\" sizes=\"(max-width: 1024px) 100vw, 1024px\" \/>\t\t\t\t\t\t\t\t\t\t\t\t\t\t\t<\/div>\n\t\t\t\t<div class=\"elementor-element elementor-element-cc4fbf0 elementor-widget elementor-widget-image\" data-id=\"cc4fbf0\" data-element_type=\"widget\" data-e-type=\"widget\" data-widget_type=\"image.default\">\n\t\t\t\t\t\t\t\t\t\t\t\t\t\t\t<img decoding=\"async\" width=\"1024\" height=\"1024\" src=\"https:\/\/jesscriado.com\/wp-content\/uploads\/2026\/01\/Camarera-Infiltrada-2-1024x1024.jpg\" class=\"attachment-large size-large wp-image-1185\" alt=\"\" srcset=\"https:\/\/jesscriado.com\/wp-content\/uploads\/2026\/01\/Camarera-Infiltrada-2-1024x1024.jpg 1024w, https:\/\/jesscriado.com\/wp-content\/uploads\/2026\/01\/Camarera-Infiltrada-2-300x300.jpg 300w, https:\/\/jesscriado.com\/wp-content\/uploads\/2026\/01\/Camarera-Infiltrada-2-150x150.jpg 150w, https:\/\/jesscriado.com\/wp-content\/uploads\/2026\/01\/Camarera-Infiltrada-2-768x768.jpg 768w, https:\/\/jesscriado.com\/wp-content\/uploads\/2026\/01\/Camarera-Infiltrada-2.jpg 1080w\" sizes=\"(max-width: 1024px) 100vw, 1024px\" \/>\t\t\t\t\t\t\t\t\t\t\t\t\t\t\t<\/div>\n\t\t\t\t<div class=\"elementor-element elementor-element-bd76469 elementor-widget elementor-widget-image\" data-id=\"bd76469\" data-element_type=\"widget\" data-e-type=\"widget\" data-widget_type=\"image.default\">\n\t\t\t\t\t\t\t\t\t\t\t\t\t\t\t<img loading=\"lazy\" decoding=\"async\" width=\"768\" height=\"1024\" src=\"https:\/\/jesscriado.com\/wp-content\/uploads\/2026\/01\/WhatsApp-Image-2025-11-30-at-15.36.10-2-768x1024.jpeg\" class=\"attachment-large size-large wp-image-769\" alt=\"\" srcset=\"https:\/\/jesscriado.com\/wp-content\/uploads\/2026\/01\/WhatsApp-Image-2025-11-30-at-15.36.10-2-768x1024.jpeg 768w, https:\/\/jesscriado.com\/wp-content\/uploads\/2026\/01\/WhatsApp-Image-2025-11-30-at-15.36.10-2-225x300.jpeg 225w, https:\/\/jesscriado.com\/wp-content\/uploads\/2026\/01\/WhatsApp-Image-2025-11-30-at-15.36.10-2.jpeg 1080w\" sizes=\"(max-width: 768px) 100vw, 768px\" \/>\t\t\t\t\t\t\t\t\t\t\t\t\t\t\t<\/div>\n\t\t\t\t<div class=\"elementor-element elementor-element-07d3b02 elementor-widget elementor-widget-image\" data-id=\"07d3b02\" data-element_type=\"widget\" data-e-type=\"widget\" data-widget_type=\"image.default\">\n\t\t\t\t\t\t\t\t\t\t\t\t\t\t\t<img loading=\"lazy\" decoding=\"async\" width=\"1024\" height=\"1024\" src=\"https:\/\/jesscriado.com\/wp-content\/uploads\/2026\/01\/FB_IMG_1756830108161-1024x1024.jpg\" class=\"attachment-large size-large wp-image-736\" alt=\"\" srcset=\"https:\/\/jesscriado.com\/wp-content\/uploads\/2026\/01\/FB_IMG_1756830108161-1024x1024.jpg 1024w, https:\/\/jesscriado.com\/wp-content\/uploads\/2026\/01\/FB_IMG_1756830108161-300x300.jpg 300w, https:\/\/jesscriado.com\/wp-content\/uploads\/2026\/01\/FB_IMG_1756830108161-150x150.jpg 150w, https:\/\/jesscriado.com\/wp-content\/uploads\/2026\/01\/FB_IMG_1756830108161-768x768.jpg 768w, https:\/\/jesscriado.com\/wp-content\/uploads\/2026\/01\/FB_IMG_1756830108161.jpg 1080w\" sizes=\"(max-width: 1024px) 100vw, 1024px\" \/>\t\t\t\t\t\t\t\t\t\t\t\t\t\t\t<\/div>\n\t\t\t\t<div class=\"elementor-element elementor-element-a5d07f6 elementor-widget elementor-widget-image\" data-id=\"a5d07f6\" data-element_type=\"widget\" data-e-type=\"widget\" data-widget_type=\"image.default\">\n\t\t\t\t\t\t\t\t\t\t\t\t\t\t\t<img loading=\"lazy\" decoding=\"async\" width=\"1024\" height=\"768\" src=\"https:\/\/jesscriado.com\/wp-content\/uploads\/2026\/01\/IMG_20251214_003119-1024x768.jpg\" class=\"attachment-large size-large wp-image-750\" alt=\"\" srcset=\"https:\/\/jesscriado.com\/wp-content\/uploads\/2026\/01\/IMG_20251214_003119-1024x768.jpg 1024w, https:\/\/jesscriado.com\/wp-content\/uploads\/2026\/01\/IMG_20251214_003119-300x225.jpg 300w, https:\/\/jesscriado.com\/wp-content\/uploads\/2026\/01\/IMG_20251214_003119-768x576.jpg 768w, https:\/\/jesscriado.com\/wp-content\/uploads\/2026\/01\/IMG_20251214_003119-1536x1152.jpg 1536w, https:\/\/jesscriado.com\/wp-content\/uploads\/2026\/01\/IMG_20251214_003119-2048x1536.jpg 2048w\" sizes=\"(max-width: 1024px) 100vw, 1024px\" \/>\t\t\t\t\t\t\t\t\t\t\t\t\t\t\t<\/div>\n\t\t\t\t<div class=\"elementor-element elementor-element-5f633f8 elementor-widget elementor-widget-image\" data-id=\"5f633f8\" data-element_type=\"widget\" data-e-type=\"widget\" data-widget_type=\"image.default\">\n\t\t\t\t\t\t\t\t\t\t\t\t\t\t\t<img loading=\"lazy\" decoding=\"async\" width=\"810\" height=\"810\" src=\"https:\/\/jesscriado.com\/wp-content\/uploads\/2026\/01\/Camarera-Infiltrada-3.jpg\" class=\"attachment-large size-large wp-image-1186\" alt=\"\" srcset=\"https:\/\/jesscriado.com\/wp-content\/uploads\/2026\/01\/Camarera-Infiltrada-3.jpg 810w, https:\/\/jesscriado.com\/wp-content\/uploads\/2026\/01\/Camarera-Infiltrada-3-300x300.jpg 300w, https:\/\/jesscriado.com\/wp-content\/uploads\/2026\/01\/Camarera-Infiltrada-3-150x150.jpg 150w, https:\/\/jesscriado.com\/wp-content\/uploads\/2026\/01\/Camarera-Infiltrada-3-768x768.jpg 768w\" sizes=\"(max-width: 810px) 100vw, 810px\" \/>\t\t\t\t\t\t\t\t\t\t\t\t\t\t\t<\/div>\n\t\t\t\t<div class=\"elementor-element elementor-element-f741618 elementor-widget elementor-widget-image\" data-id=\"f741618\" data-element_type=\"widget\" data-e-type=\"widget\" data-widget_type=\"image.default\">\n\t\t\t\t\t\t\t\t\t\t\t\t\t\t\t<img loading=\"lazy\" decoding=\"async\" width=\"768\" height=\"1024\" src=\"https:\/\/jesscriado.com\/wp-content\/uploads\/2026\/01\/IMG_20250629_201414-1-scaled.jpg\" class=\"attachment-large size-large wp-image-740\" alt=\"\" srcset=\"https:\/\/jesscriado.com\/wp-content\/uploads\/2026\/01\/IMG_20250629_201414-1-scaled.jpg 1920w, https:\/\/jesscriado.com\/wp-content\/uploads\/2026\/01\/IMG_20250629_201414-1-225x300.jpg 225w\" sizes=\"(max-width: 768px) 100vw, 768px\" \/>\t\t\t\t\t\t\t\t\t\t\t\t\t\t\t<\/div>\n\t\t\t\t\t<\/div>\n\t\t\t\t<\/div>\n\t\t<div class=\"elementor-element elementor-element-d06b031 e-flex e-con-boxed elementor-invisible e-con e-parent\" data-id=\"d06b031\" data-element_type=\"container\" data-e-type=\"container\" data-settings=\"{&quot;background_background&quot;:&quot;classic&quot;,&quot;animation&quot;:&quot;fadeInUp&quot;}\">\n\t\t\t\t\t<div class=\"e-con-inner\">\n\t\t<div class=\"elementor-element elementor-element-aa63ae5 e-con-full e-flex e-con e-child\" data-id=\"aa63ae5\" data-element_type=\"container\" data-e-type=\"container\">\n\t\t<div class=\"elementor-element elementor-element-21cc74b e-con-full e-flex e-con e-child\" data-id=\"21cc74b\" data-element_type=\"container\" data-e-type=\"container\">\n\t\t\t\t<div class=\"elementor-element elementor-element-95c9d63 elementor-widget elementor-widget-text-editor\" data-id=\"95c9d63\" data-element_type=\"widget\" data-e-type=\"widget\" data-widget_type=\"text-editor.default\">\n\t\t\t\t\t\t\t\t\t<p>!B\u00fascame en mis redes!<\/p>\t\t\t\t\t\t\t\t<\/div>\n\t\t<div class=\"elementor-element elementor-element-aaafe67 e-grid e-con-full e-con e-child\" data-id=\"aaafe67\" data-element_type=\"container\" data-e-type=\"container\">\n\t\t\t\t<div class=\"elementor-element elementor-element-90aa3cf elementor-view-default elementor-widget elementor-widget-icon\" data-id=\"90aa3cf\" data-element_type=\"widget\" data-e-type=\"widget\" data-widget_type=\"icon.default\">\n\t\t\t\t\t\t\t<div class=\"elementor-icon-wrapper\">\n\t\t\t<a class=\"elementor-icon\" href=\"https:\/\/open.spotify.com\/show\/4ADfYNWgY9QSZBYMwMCfN4?si=0psbrr7zTsq57wCmJ0kbVg\" target=\"_blank\">\n\t\t\t<svg aria-hidden=\"true\" class=\"e-font-icon-svg e-fab-spotify\" viewBox=\"0 0 496 512\" xmlns=\"http:\/\/www.w3.org\/2000\/svg\"><path d=\"M248 8C111.1 8 0 119.1 0 256s111.1 248 248 248 248-111.1 248-248S384.9 8 248 8zm100.7 364.9c-4.2 0-6.8-1.3-10.7-3.6-62.4-37.6-135-39.2-206.7-24.5-3.9 1-9 2.6-11.9 2.6-9.7 0-15.8-7.7-15.8-15.8 0-10.3 6.1-15.2 13.6-16.8 81.9-18.1 165.6-16.5 237 26.2 6.1 3.9 9.7 7.4 9.7 16.5s-7.1 15.4-15.2 15.4zm26.9-65.6c-5.2 0-8.7-2.3-12.3-4.2-62.5-37-155.7-51.9-238.6-29.4-4.8 1.3-7.4 2.6-11.9 2.6-10.7 0-19.4-8.7-19.4-19.4s5.2-17.8 15.5-20.7c27.8-7.8 56.2-13.6 97.8-13.6 64.9 0 127.6 16.1 177 45.5 8.1 4.8 11.3 11 11.3 19.7-.1 10.8-8.5 19.5-19.4 19.5zm31-76.2c-5.2 0-8.4-1.3-12.9-3.9-71.2-42.5-198.5-52.7-280.9-29.7-3.6 1-8.1 2.6-12.9 2.6-13.2 0-23.3-10.3-23.3-23.6 0-13.6 8.4-21.3 17.4-23.9 35.2-10.3 74.6-15.2 117.5-15.2 73 0 149.5 15.2 205.4 47.8 7.8 4.5 12.9 10.7 12.9 22.6 0 13.6-11 23.3-23.2 23.3z\"><\/path><\/svg>\t\t\t<\/a>\n\t\t<\/div>\n\t\t\t\t\t\t<\/div>\n\t\t\t\t<div class=\"elementor-element elementor-element-f588b51 elementor-view-default elementor-widget elementor-widget-icon\" data-id=\"f588b51\" data-element_type=\"widget\" data-e-type=\"widget\" data-widget_type=\"icon.default\">\n\t\t\t\t\t\t\t<div class=\"elementor-icon-wrapper\">\n\t\t\t<a class=\"elementor-icon\" href=\"https:\/\/www.youtube.com\/@jesscriadocomica\/shorts\" target=\"_blank\">\n\t\t\t<svg aria-hidden=\"true\" class=\"e-font-icon-svg e-fab-youtube-square\" viewBox=\"0 0 448 512\" xmlns=\"http:\/\/www.w3.org\/2000\/svg\"><path d=\"M186.8 202.1l95.2 54.1-95.2 54.1V202.1zM448 80v352c0 26.5-21.5 48-48 48H48c-26.5 0-48-21.5-48-48V80c0-26.5 21.5-48 48-48h352c26.5 0 48 21.5 48 48zm-42 176.3s0-59.6-7.6-88.2c-4.2-15.8-16.5-28.2-32.2-32.4C337.9 128 224 128 224 128s-113.9 0-142.2 7.7c-15.7 4.2-28 16.6-32.2 32.4-7.6 28.5-7.6 88.2-7.6 88.2s0 59.6 7.6 88.2c4.2 15.8 16.5 27.7 32.2 31.9C110.1 384 224 384 224 384s113.9 0 142.2-7.7c15.7-4.2 28-16.1 32.2-31.9 7.6-28.5 7.6-88.1 7.6-88.1z\"><\/path><\/svg>\t\t\t<\/a>\n\t\t<\/div>\n\t\t\t\t\t\t<\/div>\n\t\t\t\t<div class=\"elementor-element elementor-element-41e58c3 elementor-view-default elementor-widget elementor-widget-icon\" data-id=\"41e58c3\" data-element_type=\"widget\" data-e-type=\"widget\" data-widget_type=\"icon.default\">\n\t\t\t\t\t\t\t<div class=\"elementor-icon-wrapper\">\n\t\t\t<a class=\"elementor-icon\" href=\"https:\/\/www.tiktok.com\/@jess_criado?_r=1&#038;_t=ZN-92ynwt5GqHu\" target=\"_blank\">\n\t\t\t<svg aria-hidden=\"true\" class=\"e-font-icon-svg e-fab-tiktok\" viewBox=\"0 0 448 512\" xmlns=\"http:\/\/www.w3.org\/2000\/svg\"><path d=\"M448,209.91a210.06,210.06,0,0,1-122.77-39.25V349.38A162.55,162.55,0,1,1,185,188.31V278.2a74.62,74.62,0,1,0,52.23,71.18V0l88,0a121.18,121.18,0,0,0,1.86,22.17h0A122.18,122.18,0,0,0,381,102.39a121.43,121.43,0,0,0,67,20.14Z\"><\/path><\/svg>\t\t\t<\/a>\n\t\t<\/div>\n\t\t\t\t\t\t<\/div>\n\t\t\t\t<div class=\"elementor-element elementor-element-26a5535 elementor-view-default elementor-widget elementor-widget-icon\" data-id=\"26a5535\" data-element_type=\"widget\" data-e-type=\"widget\" data-widget_type=\"icon.default\">\n\t\t\t\t\t\t\t<div class=\"elementor-icon-wrapper\">\n\t\t\t<a class=\"elementor-icon\" href=\"https:\/\/www.instagram.com\/jess_criado\" target=\"_blank\">\n\t\t\t<svg aria-hidden=\"true\" class=\"e-font-icon-svg e-fab-instagram\" viewBox=\"0 0 448 512\" xmlns=\"http:\/\/www.w3.org\/2000\/svg\"><path d=\"M224.1 141c-63.6 0-114.9 51.3-114.9 114.9s51.3 114.9 114.9 114.9S339 319.5 339 255.9 287.7 141 224.1 141zm0 189.6c-41.1 0-74.7-33.5-74.7-74.7s33.5-74.7 74.7-74.7 74.7 33.5 74.7 74.7-33.6 74.7-74.7 74.7zm146.4-194.3c0 14.9-12 26.8-26.8 26.8-14.9 0-26.8-12-26.8-26.8s12-26.8 26.8-26.8 26.8 12 26.8 26.8zm76.1 27.2c-1.7-35.9-9.9-67.7-36.2-93.9-26.2-26.2-58-34.4-93.9-36.2-37-2.1-147.9-2.1-184.9 0-35.8 1.7-67.6 9.9-93.9 36.1s-34.4 58-36.2 93.9c-2.1 37-2.1 147.9 0 184.9 1.7 35.9 9.9 67.7 36.2 93.9s58 34.4 93.9 36.2c37 2.1 147.9 2.1 184.9 0 35.9-1.7 67.7-9.9 93.9-36.2 26.2-26.2 34.4-58 36.2-93.9 2.1-37 2.1-147.8 0-184.8zM398.8 388c-7.8 19.6-22.9 34.7-42.6 42.6-29.5 11.7-99.5 9-132.1 9s-102.7 2.6-132.1-9c-19.6-7.8-34.7-22.9-42.6-42.6-11.7-29.5-9-99.5-9-132.1s-2.6-102.7 9-132.1c7.8-19.6 22.9-34.7 42.6-42.6 29.5-11.7 99.5-9 132.1-9s102.7-2.6 132.1 9c19.6 7.8 34.7 22.9 42.6 42.6 11.7 29.5 9 99.5 9 132.1s2.7 102.7-9 132.1z\"><\/path><\/svg>\t\t\t<\/a>\n\t\t<\/div>\n\t\t\t\t\t\t<\/div>\n\t\t\t\t<div class=\"elementor-element elementor-element-7dbf6a4 elementor-view-default elementor-widget elementor-widget-icon\" data-id=\"7dbf6a4\" data-element_type=\"widget\" data-e-type=\"widget\" data-widget_type=\"icon.default\">\n\t\t\t\t\t\t\t<div class=\"elementor-icon-wrapper\">\n\t\t\t<a class=\"elementor-icon\" href=\"https:\/\/www.facebook.com\/jessica.criadocastane\" target=\"_blank\">\n\t\t\t<svg aria-hidden=\"true\" class=\"e-font-icon-svg e-fab-facebook\" viewBox=\"0 0 512 512\" xmlns=\"http:\/\/www.w3.org\/2000\/svg\"><path d=\"M504 256C504 119 393 8 256 8S8 119 8 256c0 123.78 90.69 226.38 209.25 245V327.69h-63V256h63v-54.64c0-62.15 37-96.48 93.67-96.48 27.14 0 55.52 4.84 55.52 4.84v61h-31.28c-30.8 0-40.41 19.12-40.41 38.73V256h68.78l-11 71.69h-57.78V501C413.31 482.38 504 379.78 504 256z\"><\/path><\/svg>\t\t\t<\/a>\n\t\t<\/div>\n\t\t\t\t\t\t<\/div>\n\t\t\t\t<\/div>\n\t\t\t\t<div class=\"elementor-element elementor-element-79b4b3b elementor-align-center elementor-widget elementor-widget-button\" data-id=\"79b4b3b\" data-element_type=\"widget\" data-e-type=\"widget\" data-widget_type=\"button.default\">\n\t\t\t\t\t\t\t\t\t\t<a class=\"elementor-button elementor-button-link elementor-size-sm elementor-animation-bounce-in\" href=\"https:\/\/jesscriado.com\/index.php\/contacto\/\">\n\t\t\t\t\t\t<span class=\"elementor-button-content-wrapper\">\n\t\t\t\t\t\t\t\t\t<span class=\"elementor-button-text\">\u00a1CONTACTA CONMIGO!<\/span>\n\t\t\t\t\t<\/span>\n\t\t\t\t\t<\/a>\n\t\t\t\t\t\t\t\t<\/div>\n\t\t\t\t<\/div>\n\t\t\t\t<\/div>\n\t\t\t\t\t<\/div>\n\t\t\t\t<\/div>\n\t\t\t\t<\/div>\n\t\t","protected":false},"excerpt":{"rendered":"<p>\u00a1Las infiltradas que transforman cualquier momento! Parecen parte del entorno como cualquier otra persona: una camarera impecable con delantal y [&hellip;]<\/p>\n","protected":false},"author":1,"featured_media":0,"parent":0,"menu_order":0,"comment_status":"closed","ping_status":"closed","template":"","meta":{"_eb_attr":"","site-sidebar-layout":"no-sidebar","site-content-layout":"","ast-site-content-layout":"full-width-container","site-content-style":"default","site-sidebar-style":"default","ast-global-header-display":"","ast-banner-title-visibility":"","ast-main-header-display":"","ast-hfb-above-header-display":"","ast-hfb-below-header-display":"","ast-hfb-mobile-header-display":"","site-post-title":"disabled","ast-breadcrumbs-content":"","ast-featured-img":"disabled","footer-sml-layout":"","ast-disable-related-posts":"","theme-transparent-header-meta":"","adv-header-id-meta":"","stick-header-meta":"","header-above-stick-meta":"","header-main-stick-meta":"","header-below-stick-meta":"","astra-migrate-meta-layouts":"default","ast-page-background-enabled":"default","ast-page-background-meta":{"desktop":{"background-color":"var(--ast-global-color-5)","background-image":"","background-repeat":"repeat","background-position":"center center","background-size":"auto","background-attachment":"scroll","background-type":"","background-media":"","overlay-type":"","overlay-color":"","overlay-opacity":"","overlay-gradient":""},"tablet":{"background-color":"","background-image":"","background-repeat":"repeat","background-position":"center center","background-size":"auto","background-attachment":"scroll","background-type":"","background-media":"","overlay-type":"","overlay-color":"","overlay-opacity":"","overlay-gradient":""},"mobile":{"background-color":"","background-image":"","background-repeat":"repeat","background-position":"center center","background-size":"auto","background-attachment":"scroll","background-type":"","background-media":"","overlay-type":"","overlay-color":"","overlay-opacity":"","overlay-gradient":""}},"ast-content-background-meta":{"desktop":{"background-color":"var(--ast-global-color-4)","background-image":"","background-repeat":"repeat","background-position":"center center","background-size":"auto","background-attachment":"scroll","background-type":"","background-media":"","overlay-type":"","overlay-color":"","overlay-opacity":"","overlay-gradient":""},"tablet":{"background-color":"var(--ast-global-color-4)","background-image":"","background-repeat":"repeat","background-position":"center center","background-size":"auto","background-attachment":"scroll","background-type":"","background-media":"","overlay-type":"","overlay-color":"","overlay-opacity":"","overlay-gradient":""},"mobile":{"background-color":"var(--ast-global-color-4)","background-image":"","background-repeat":"repeat","background-position":"center center","background-size":"auto","background-attachment":"scroll","background-type":"","background-media":"","overlay-type":"","overlay-color":"","overlay-opacity":"","overlay-gradient":""}},"footnotes":""},"class_list":["post-955","page","type-page","status-publish","hentry"],"_links":{"self":[{"href":"https:\/\/jesscriado.com\/index.php\/wp-json\/wp\/v2\/pages\/955","targetHints":{"allow":["GET"]}}],"collection":[{"href":"https:\/\/jesscriado.com\/index.php\/wp-json\/wp\/v2\/pages"}],"about":[{"href":"https:\/\/jesscriado.com\/index.php\/wp-json\/wp\/v2\/types\/page"}],"author":[{"embeddable":true,"href":"https:\/\/jesscriado.com\/index.php\/wp-json\/wp\/v2\/users\/1"}],"replies":[{"embeddable":true,"href":"https:\/\/jesscriado.com\/index.php\/wp-json\/wp\/v2\/comments?post=955"}],"version-history":[{"count":55,"href":"https:\/\/jesscriado.com\/index.php\/wp-json\/wp\/v2\/pages\/955\/revisions"}],"predecessor-version":[{"id":1440,"href":"https:\/\/jesscriado.com\/index.php\/wp-json\/wp\/v2\/pages\/955\/revisions\/1440"}],"wp:attachment":[{"href":"https:\/\/jesscriado.com\/index.php\/wp-json\/wp\/v2\/media?parent=955"}],"curies":[{"name":"wp","href":"https:\/\/api.w.org\/{rel}","templated":true}]}}